{"id":221,"date":"2022-08-09T12:47:22","date_gmt":"2022-08-09T07:17:22","guid":{"rendered":"https:\/\/ultratrainingsystem.com\/?page_id=221"},"modified":"2022-08-09T13:12:00","modified_gmt":"2022-08-09T07:42:00","slug":"data-security-integrations","status":"publish","type":"page","link":"https:\/\/ultratrainingsystem.com\/sk\/data-security-integrations\/","title":{"rendered":"Bezpe\u010dnos\u0165 \u00dadajov &amp; Integr\u00e1cia"},"content":{"rendered":"<div style=\"background-color:#000000;padding-left:5%;padding-right:5%;padding-bottom:30%;padding-top:30%\" class=\"wp-block-genesis-blocks-gb-container narrow-content light-text gb-block-container alignfull\"><div class=\"gb-container-inside\"><div class=\"gb-container-image-wrap\"><img data-recalc-dims=\"1\" decoding=\"async\" class=\"gb-container-image has-background-dim-90 has-background-dim\" src=\"https:\/\/i0.wp.com\/ultratrainingsystem.com\/wp-content\/uploads\/2022\/08\/home-slider-3.jpg?ssl=1\" alt=\"\"\/><\/div><div class=\"gb-container-content\" style=\"max-width:1325px\"><style>@media only screen and (max-width: 1200px) {.gb-69e5ed08b6046{font-size: 40px!important;}}@media only screen and (max-width: 600px) {.gb-69e5ed08b6046{font-size: 26px!important;}}<\/style>\n<h1 class=\"gb-69e5ed08b6046 wp-block-heading\" style=\"font-size:64px;font-style:normal;font-weight:600;text-transform:capitalize\">Bezpe\u010dnos\u0165 \u00dadajov &amp; Integr\u00e1cia<\/h1>\n<\/div><\/div><\/div>\n\n\n\n<div style=\"height:20px\" aria-hidden=\"true\" class=\"wp-block-spacer\"><\/div>\n\n\n\n<div class=\"wp-block-media-text alignwide has-media-on-the-right is-stacked-on-mobile is-vertically-aligned-top has-background\" style=\"background-color:#fbf4f4;grid-template-columns:auto 46%\"><div class=\"wp-block-media-text__content\">\n<h2 class=\"has-text-color wp-block-heading\" style=\"color:#2a419f\">Bezpe\u010dnos\u0165 \u00dadajov &amp; Integr\u00e1cia<\/h2>\n\n\n\n<div class=\"wp-block-columns is-layout-flex wp-container-core-columns-is-layout-8f761849 wp-block-columns-is-layout-flex\">\n<div class=\"wp-block-column is-vertically-aligned-top is-layout-flow wp-block-column-is-layout-flow\" style=\"flex-basis:20%\">\n<center><div class=\"btn-ctn2\"><i class=\"fa-2x fa fa-bezier-curve\" aria-hidden=\"true\"><\/i><\/div><\/center>\n<\/div>\n\n\n\n<div class=\"wp-block-column is-layout-flow wp-block-column-is-layout-flow\" style=\"flex-basis:80%\">\n<p class=\"wp-block-paragraph\"><strong>\u010co je bezpe\u010dnos\u0165 \u00fadajov?<\/strong><\/p>\n\n\n\n<p class=\"has-small-font-size wp-block-paragraph\">Bezpe\u010dnos\u0165 \u00fadajov sa vz\u0165ahuje na proces ochrany \u00fadajov pred neopr\u00e1vnen\u00fdm pr\u00edstupom a po\u0161koden\u00edm \u00fadajov po\u010das jeho \u017eivotn\u00e9ho cyklu. Bezpe\u010dnos\u0165 \u00fadajov zah\u0155\u0148a \u0161ifrovanie, tokeniz\u00e1ciu a postupy spr\u00e1vy k\u013e\u00fa\u010dov, ktor\u00e9 chr\u00e1nia \u00fadaje vo v\u0161etk\u00fdch aplik\u00e1ci\u00e1ch a platform\u00e1ch.<\/p>\n<\/div>\n<\/div>\n\n\n\n<div class=\"wp-block-columns is-layout-flex wp-container-core-columns-is-layout-8f761849 wp-block-columns-is-layout-flex\">\n<div class=\"wp-block-column is-vertically-aligned-top is-layout-flow wp-block-column-is-layout-flow\" style=\"flex-basis:20%\">\n<center><div class=\"btn-ctn2\"><i class=\"fa-2x fa fa-laptop\" aria-hidden=\"true\"><\/i><\/div><\/center>\n<\/div>\n\n\n\n<div class=\"wp-block-column is-layout-flow wp-block-column-is-layout-flow\" style=\"flex-basis:80%\">\n<p class=\"wp-block-paragraph\"><strong>Pre\u010do bezpe\u010dnos\u0165 \u00fadajov?<\/strong><\/p>\n\n\n\n<p class=\"has-small-font-size wp-block-paragraph\">Organiz\u00e1cie po celom svete investuj\u00fa zna\u010dn\u00e9 prostriedky do informa\u010dn\u00fdch technol\u00f3gi\u00ed (IT) kybernetickej obrany na ochranu svojich kritick\u00fdch akt\u00edv. \u010ci podnik potrebuje chr\u00e1ni\u0165 zna\u010dku, intelektu\u00e1lny kapit\u00e1l a inform\u00e1cie o z\u00e1kazn\u00edkoch alebo zabezpe\u010di\u0165 kontroly kritickej infra\u0161trukt\u00fary, prostriedky na zis\u0165ovanie incidentov a reakciu na ochranu organiza\u010dn\u00fdch z\u00e1ujmov maj\u00fa tri spolo\u010dn\u00e9 prvky: \u013eudia, procesy a technol\u00f3gia.<\/p>\n<\/div>\n<\/div>\n<\/div><figure class=\"wp-block-media-text__media\"><img data-recalc-dims=\"1\" loading=\"lazy\" decoding=\"async\" width=\"512\" height=\"512\" data-attachment-id=\"232\" data-permalink=\"https:\/\/ultratrainingsystem.com\/sk\/data-security-integrations\/data-security\/\" data-orig-file=\"https:\/\/i0.wp.com\/ultratrainingsystem.com\/wp-content\/uploads\/2022\/08\/Data-Security.png?fit=512%2C512&amp;ssl=1\" data-orig-size=\"512,512\" data-comments-opened=\"1\" data-image-meta=\"{&quot;aperture&quot;:&quot;0&quot;,&quot;credit&quot;:&quot;&quot;,&quot;camera&quot;:&quot;&quot;,&quot;caption&quot;:&quot;&quot;,&quot;created_timestamp&quot;:&quot;0&quot;,&quot;copyright&quot;:&quot;&quot;,&quot;focal_length&quot;:&quot;0&quot;,&quot;iso&quot;:&quot;0&quot;,&quot;shutter_speed&quot;:&quot;0&quot;,&quot;title&quot;:&quot;&quot;,&quot;orientation&quot;:&quot;0&quot;}\" data-image-title=\"Data-Security\" data-image-description=\"\" data-image-caption=\"\" data-large-file=\"https:\/\/i0.wp.com\/ultratrainingsystem.com\/wp-content\/uploads\/2022\/08\/Data-Security.png?fit=512%2C512&amp;ssl=1\" src=\"https:\/\/i0.wp.com\/ultratrainingsystem.com\/wp-content\/uploads\/2022\/08\/Data-Security.png?resize=512%2C512&#038;ssl=1\" alt=\"\" class=\"wp-image-232 size-full\" srcset=\"https:\/\/i0.wp.com\/ultratrainingsystem.com\/wp-content\/uploads\/2022\/08\/Data-Security.png?w=512&amp;ssl=1 512w, https:\/\/i0.wp.com\/ultratrainingsystem.com\/wp-content\/uploads\/2022\/08\/Data-Security.png?resize=300%2C300&amp;ssl=1 300w, https:\/\/i0.wp.com\/ultratrainingsystem.com\/wp-content\/uploads\/2022\/08\/Data-Security.png?resize=150%2C150&amp;ssl=1 150w, https:\/\/i0.wp.com\/ultratrainingsystem.com\/wp-content\/uploads\/2022\/08\/Data-Security.png?resize=12%2C12&amp;ssl=1 12w, https:\/\/i0.wp.com\/ultratrainingsystem.com\/wp-content\/uploads\/2022\/08\/Data-Security.png?resize=80%2C80&amp;ssl=1 80w, https:\/\/i0.wp.com\/ultratrainingsystem.com\/wp-content\/uploads\/2022\/08\/Data-Security.png?resize=400%2C400&amp;ssl=1 400w, https:\/\/i0.wp.com\/ultratrainingsystem.com\/wp-content\/uploads\/2022\/08\/Data-Security.png?resize=200%2C200&amp;ssl=1 200w\" sizes=\"auto, (max-width: 512px) 100vw, 512px\" \/><\/figure><\/div>\n\n\n\n<div style=\"height:20px\" aria-hidden=\"true\" class=\"wp-block-spacer\"><\/div>\n\n\n\n<div class=\"wp-block-jetpack-layout-grid alignfull column1-desktop-grid__span-12 column1-desktop-grid__row-1 column1-tablet-grid__span-8 column1-tablet-grid__row-1 column1-mobile-grid__span-4 column1-mobile-grid__row-1 wp-block-jetpack-layout-gutter__huge\">\n<div class=\"wp-block-jetpack-layout-grid-column wp-block-jetpack-layout-grid__padding-huge has-background\" style=\"background-color:#fbf4f4\">\n<h3 class=\"has-text-align-center wp-block-heading\">Rie\u0161enia zabezpe\u010denia \u00fadajov<\/h3>\n\n\n\n<p class=\"has-background wp-block-paragraph\" style=\"background-color:#fbf4f4\">Ultra Training podporuje ved\u00face postavenie v rie\u0161eniach bezpe\u010dnosti \u00fadajov s viac ako sedemro\u010dn\u00fdmi odborn\u00fdmi znalos\u0165ami. S pokro\u010dil\u00fdm \u0161ifrovan\u00edm \u00fadajov, tokeniz\u00e1ciou a spr\u00e1vou k\u013e\u00fa\u010dov na ochranu \u00fadajov naprie\u010d aplik\u00e1ciami, transakciami, \u00falo\u017eiskami a platformami ve\u013ek\u00fdch \u00fadajov.<\/p>\n\n\n\n<ul class=\"wp-block-list\"><li><strong>Zabezpe\u010denie cloudov\u00e9ho pr\u00edstupu<\/strong> - Ochrann\u00e1 platforma, ktor\u00e1 v\u00e1m umo\u017e\u0148uje bezpe\u010dn\u00fd prechod do cloudu pri s\u00fa\u010dasnom zabezpe\u010den\u00ed \u00fadajov v cloudov\u00fdch aplik\u00e1ci\u00e1ch.<\/li><li><strong>Hardv\u00e9rov\u00fd bezpe\u010dnostn\u00fd<\/strong> - Hardv\u00e9rov\u00fd bezpe\u010dnostn\u00fd modul, ktor\u00fd chr\u00e1ni finan\u010dn\u00e9 \u00fadaje a sp\u013a\u0148a po\u017eiadavky priemyseln\u00e9ho zabezpe\u010denia a zhody.<\/li><li><strong>Platieb Zabezpe\u010denie<\/strong> - Rie\u0161enie poskytuje \u00fapln\u00e9 point-to-point \u0161ifrovanie a tokeniz\u00e1ciu pre maloobchodn\u00e9 platobn\u00e9 transakcie, \u010do umo\u017e\u0148uje zn\u00ed\u017eenie rozsahu PCI.<\/li><li><strong>Zabezpe\u010denie webov\u00e9ho preh\u013ead\u00e1va\u010da<\/strong> - Chr\u00e1ni citliv\u00e9 \u00fadaje zachyten\u00e9 v prehliada\u010di od okamihu, ke\u010f z\u00e1kazn\u00edk zad\u00e1 dr\u017eite\u013ea karty alebo osobn\u00e9 \u00fadaje, a chr\u00e1ni ho prostredn\u00edctvom ekosyst\u00e9mu a\u017e po miesto ur\u010denia d\u00f4veryhodn\u00e9ho hostite\u013ea.<\/li><\/ul>\n<\/div>\n<\/div>\n\n\n\n<div style=\"height:20px\" aria-hidden=\"true\" class=\"wp-block-spacer\"><\/div>\n\n\n\n<div style=\"background-color:#000000;padding-left:8%;padding-right:8%;padding-bottom:15%;padding-top:15%\" class=\"wp-block-genesis-blocks-gb-container light-text gb-block-container alignfull\"><div class=\"gb-container-inside\"><div class=\"gb-container-image-wrap\"><img data-recalc-dims=\"1\" decoding=\"async\" class=\"gb-container-image has-background-dim\" object-fit=\"cover\"  src=\"https:\/\/i0.wp.com\/ultratrainingsystem.com\/wp-content\/uploads\/2022\/08\/slide.jpg?ssl=1\" alt=\"\"\/><\/div><div class=\"gb-container-content\" style=\"max-width:1200px\"><style>@media only screen and (max-width: 1200px) {.gb-69e5ed08d39f8{font-size: 26px!important;}}@media only screen and (max-width: 600px) {.gb-69e5ed08d39f8{font-size: 22px!important;}}<\/style>\n<h2 class=\"gb-69e5ed08d39f8 has-text-align-left bold-text fade-in-up wp-block-heading\">Na\u0161e zru\u010dnosti, talent &amp; odbornos\u0165<\/h2>\n\n\n\n<div style=\"height:20px\" aria-hidden=\"true\" class=\"wp-block-spacer\"><\/div>\n\n\n\n<div class=\"wp-block-jetpack-layout-grid column1-desktop-grid__span-10 column1-desktop-grid__row-1 column2-desktop-grid__span-2 column2-desktop-grid__start-11 column2-desktop-grid__row-1 column1-tablet-grid__span-4 column1-tablet-grid__row-1 column2-tablet-grid__span-4 column2-tablet-grid__start-5 column2-tablet-grid__row-1 column1-mobile-grid__span-4 column1-mobile-grid__row-1 column2-mobile-grid__span-4 column2-mobile-grid__row-2\">\n<div class=\"wp-block-jetpack-layout-grid-column wp-block-jetpack-layout-grid__padding-none\">\n<div class=\"wp-block-columns is-layout-flex wp-container-core-columns-is-layout-8f761849 wp-block-columns-is-layout-flex\">\n<div class=\"wp-block-column is-layout-flow wp-block-column-is-layout-flow\">\n<i class=\"fas fa-smile fa-2x\"><\/i>\n\n\n\n<h2 class=\"has-text-align-left wp-block-heading\">133<\/h2>\n\n\n\n<p class=\"has-text-align-left wp-block-paragraph\"><strong>Projekty0<\/strong><\/p>\n<\/div>\n\n\n\n<div class=\"wp-block-column is-layout-flow wp-block-column-is-layout-flow\">\n<i class=\"fas fa-users fa-2x\"><\/i>\n\n\n\n<h2 class=\"has-text-align-left wp-block-heading\">50<\/h2>\n\n\n\n<p class=\"has-text-align-left wp-block-paragraph\"><strong>T\u00edm0<\/strong><\/p>\n<\/div>\n\n\n\n<div class=\"wp-block-column is-layout-flow wp-block-column-is-layout-flow\">\n<i class=\"fas fa-database fa-2x\"><\/i>\n\n\n\n<h2 class=\"has-text-align-left wp-block-heading\">243<\/h2>\n\n\n\n<p class=\"has-text-align-left wp-block-paragraph\"><strong>Zru\u010dnost\u00ed<\/strong><\/p>\n<\/div>\n<\/div>\n<\/div>\n\n\n\n<div class=\"wp-block-jetpack-layout-grid-column wp-block-jetpack-layout-grid__padding-none\"><\/div>\n<\/div>\n<\/div><\/div><\/div>\n\n\n\n<div style=\"padding-left:8%;padding-right:8%;padding-bottom:2%;padding-top:10%\" class=\"wp-block-genesis-blocks-gb-container gb-block-container alignfull\"><div class=\"gb-container-inside\"><div class=\"gb-container-content\" style=\"max-width:1200px\">\n<h2 class=\"has-text-align-center bold-text fade-in-up wp-block-heading\">TALENTY &amp; ODBORNOS\u0164<\/h2>\n\n\n\n<div style=\"color:#ddd\" class=\"wp-block-genesis-blocks-gb-spacer gb-block-spacer gb-divider-solid gb-divider-size-1\"><hr style=\"height:30px\"\/><\/div>\n\n\n\n<div class=\"wp-block-columns is-layout-flex wp-container-core-columns-is-layout-8f761849 wp-block-columns-is-layout-flex\">\n<div class=\"wp-block-column is-layout-flow wp-block-column-is-layout-flow\">\n<h3 class=\"has-text-align-center wp-block-heading\"><i class=\"fab fa-gg-circle\"><\/i> Webov\u00e9 Str\u00e1nky Projektovanie<\/h3>\n<\/div>\n\n\n\n<div class=\"wp-block-column is-layout-flow wp-block-column-is-layout-flow\">\n<h3 class=\"has-text-align-center wp-block-heading\"><i class=\"fab fa-gg-circle\"><\/i> Webov\u00e9 Str\u00e1nky V\u00fdvoj<\/h3>\n<\/div>\n\n\n\n<div class=\"wp-block-column is-layout-flow wp-block-column-is-layout-flow\">\n<h3 class=\"has-text-align-center wp-block-heading\"><i class=\"fab fa-gg-circle\"><\/i> Vyh\u013ead\u00e1va\u010d Optimaliz\u00e1cia<\/h3>\n<\/div>\n<\/div>\n\n\n\n<div class=\"wp-block-columns is-layout-flex wp-container-core-columns-is-layout-8f761849 wp-block-columns-is-layout-flex\">\n<div class=\"wp-block-column is-layout-flow wp-block-column-is-layout-flow\">\n<h3 class=\"has-text-align-center wp-block-heading\"><i class=\"fab fa-gg-circle\"><\/i> Soci\u00e1lne M\u00e9di\u00e1 Marketing<\/h3>\n<\/div>\n\n\n\n<div class=\"wp-block-column is-layout-flow wp-block-column-is-layout-flow\">\n<h3 class=\"has-text-align-center wp-block-heading\"><i class=\"fab fa-gg-circle\"><\/i> Bezpe\u010dnos\u0165 \u00dadajov &amp; Integr\u00e1cia<\/h3>\n<\/div>\n\n\n\n<div class=\"wp-block-column is-layout-flow wp-block-column-is-layout-flow\">\n<h3 class=\"has-text-align-center wp-block-heading\"><i class=\"fab fa-gg-circle\"><\/i> APIs<\/h3>\n<\/div>\n<\/div>\n<\/div><\/div><\/div>","protected":false},"excerpt":{"rendered":"<p>Data Security Solutions Ultra Training drives leadership in data security solutions with over seven years of expertise. With advanced data encryption, tokenization, and key management to protect data across applications, transactions, storage, and big data platforms. Cloud access security \u2013 Protection platform that allows you to move to the cloud securely while protecting data in [&hellip;]<\/p>\n","protected":false},"author":224742393,"featured_media":113,"parent":0,"menu_order":0,"comment_status":"closed","ping_status":"closed","template":"","meta":{"_crdt_document":"","_genesis_hide_title":true,"_genesis_hide_breadcrumbs":false,"_genesis_hide_singular_image":false,"_genesis_hide_footer_widgets":false,"_genesis_custom_body_class":"","_genesis_custom_post_class":"","_genesis_layout":"","advanced_seo_description":"","jetpack_seo_html_title":"","jetpack_seo_noindex":false,"footnotes":""},"class_list":{"0":"post-221","1":"page","2":"type-page","3":"status-publish","4":"has-post-thumbnail","6":"entry"},"featured_image_src":"https:\/\/i0.wp.com\/ultratrainingsystem.com\/wp-content\/uploads\/2022\/08\/cropped-U-logo.png?resize=512%2C400&ssl=1","featured_image_src_square":"https:\/\/i0.wp.com\/ultratrainingsystem.com\/wp-content\/uploads\/2022\/08\/cropped-U-logo.png?resize=512%2C512&ssl=1","jetpack_likes_enabled":true,"jetpack_sharing_enabled":true,"jetpack_shortlink":"https:\/\/wp.me\/Peb5md-3z","jetpack-related-posts":[],"_links":{"self":[{"href":"https:\/\/ultratrainingsystem.com\/sk\/wp-json\/wp\/v2\/pages\/221","targetHints":{"allow":["GET"]}}],"collection":[{"href":"https:\/\/ultratrainingsystem.com\/sk\/wp-json\/wp\/v2\/pages"}],"about":[{"href":"https:\/\/ultratrainingsystem.com\/sk\/wp-json\/wp\/v2\/types\/page"}],"author":[{"embeddable":true,"href":"https:\/\/ultratrainingsystem.com\/sk\/wp-json\/wp\/v2\/users\/224742393"}],"replies":[{"embeddable":true,"href":"https:\/\/ultratrainingsystem.com\/sk\/wp-json\/wp\/v2\/comments?post=221"}],"version-history":[{"count":11,"href":"https:\/\/ultratrainingsystem.com\/sk\/wp-json\/wp\/v2\/pages\/221\/revisions"}],"predecessor-version":[{"id":243,"href":"https:\/\/ultratrainingsystem.com\/sk\/wp-json\/wp\/v2\/pages\/221\/revisions\/243"}],"wp:featuredmedia":[{"embeddable":true,"href":"https:\/\/ultratrainingsystem.com\/sk\/wp-json\/wp\/v2\/media\/113"}],"wp:attachment":[{"href":"https:\/\/ultratrainingsystem.com\/sk\/wp-json\/wp\/v2\/media?parent=221"}],"curies":[{"name":"wp","href":"https:\/\/api.w.org\/{rel}","templated":true}]}}