{"id":197,"date":"2022-08-09T12:00:45","date_gmt":"2022-08-09T06:30:45","guid":{"rendered":"https:\/\/ultratrainingsystem.com\/?page_id=197"},"modified":"2022-08-09T12:42:34","modified_gmt":"2022-08-09T07:12:34","slug":"web-design-development","status":"publish","type":"page","link":"https:\/\/ultratrainingsystem.com\/sk\/web-design-development\/","title":{"rendered":"Web Design Development"},"content":{"rendered":"<div style=\"background-color:#000000;padding-left:5%;padding-right:5%;padding-bottom:30%;padding-top:30%\" class=\"wp-block-genesis-blocks-gb-container narrow-content light-text gb-block-container alignfull\"><div class=\"gb-container-inside\"><div class=\"gb-container-image-wrap\"><img data-recalc-dims=\"1\" decoding=\"async\" class=\"gb-container-image has-background-dim-90 has-background-dim\" src=\"https:\/\/i0.wp.com\/ultratrainingsystem.com\/wp-content\/uploads\/2022\/08\/home-slider-3.jpg?ssl=1\" alt=\"\"\/><\/div><div class=\"gb-container-content\" style=\"max-width:1325px\"><style>@media only screen and (max-width: 1200px) {.gb-69e5eda941884{font-size: 40px!important;}}@media only screen and (max-width: 600px) {.gb-69e5eda941884{font-size: 26px!important;}}<\/style>\n<h1 class=\"gb-69e5eda941884 wp-block-heading\" style=\"font-size:64px;font-style:normal;font-weight:600;text-transform:capitalize\">Webov\u00fd dizajn a v\u00fdvoj<\/h1>\n<\/div><\/div><\/div>\n\n\n\n<div style=\"height:20px\" aria-hidden=\"true\" class=\"wp-block-spacer\"><\/div>\n\n\n\n<div class=\"wp-block-media-text alignwide has-media-on-the-right is-stacked-on-mobile is-vertically-aligned-top has-background\" style=\"background-color:#fbf4f4;grid-template-columns:auto 46%\"><div class=\"wp-block-media-text__content\">\n<h2 class=\"has-text-color wp-block-heading\" style=\"color:#2a419f\">Webov\u00fd Dizajn A V\u00fdvoj<\/h2>\n\n\n\n<p class=\"wp-block-paragraph\">Sk\u00fasen\u00fd t\u00edm kreat\u00edvnych, inovat\u00edvnych a profesion\u00e1lnych odborn\u00edkov v oblasti webdesignu, v\u00fdvoja softv\u00e9ru<\/p>\n\n\n\n<div class=\"wp-block-columns is-layout-flex wp-container-core-columns-is-layout-8f761849 wp-block-columns-is-layout-flex\">\n<div class=\"wp-block-column is-vertically-aligned-top is-layout-flow wp-block-column-is-layout-flow\" style=\"flex-basis:20%\">\n<center><div class=\"btn-ctn2\"><i class=\"fa-2x fa fa-bezier-curve\" aria-hidden=\"true\"><\/i><\/div><\/center>\n<\/div>\n\n\n\n<div class=\"wp-block-column is-layout-flow wp-block-column-is-layout-flow\" style=\"flex-basis:80%\">\n<p class=\"has-small-font-size wp-block-paragraph\">V dne\u0161nom r\u00fdchlo rast\u00facom svete v\u00fdvoja webov\u00fdch aplik\u00e1ci\u00ed s\u00fa potrebn\u00e9 r\u00f4zne obchodn\u00e9 strat\u00e9gie a taktick\u00e9 kroky na roz\u0161\u00edrenie podnikania, maximaliz\u00e1ciu n\u00e1vratnosti invest\u00edci\u00ed a udr\u017eanie n\u00e1skoku pred konkurenciou. Dizajn a v\u00fdvoj webov\u00fdch str\u00e1nok je ide\u00e1lnym \u201eonline\u201c rie\u0161en\u00edm na ur\u00fdchlenie podnikania, zv\u00fd\u0161enie zvidite\u013enenia a za\u010datie marketingu v\u00e1\u0161ho produktu a slu\u017eieb.<\/p>\n<\/div>\n<\/div>\n\n\n\n<div class=\"wp-block-columns is-layout-flex wp-container-core-columns-is-layout-8f761849 wp-block-columns-is-layout-flex\">\n<div class=\"wp-block-column is-vertically-aligned-top is-layout-flow wp-block-column-is-layout-flow\" style=\"flex-basis:20%\">\n<center><div class=\"btn-ctn2\"><i class=\"fa-2x fa fa-laptop\" aria-hidden=\"true\"><\/i><\/div><\/center>\n<\/div>\n\n\n\n<div class=\"wp-block-column is-layout-flow wp-block-column-is-layout-flow\" style=\"flex-basis:80%\">\n<p class=\"has-small-font-size wp-block-paragraph\">Ultra Training pon\u00faka n\u00e1vrh a v\u00fdvoj webov\u00fdch rie\u0161en\u00ed pre B2B (Business to Business) aj B2C (Business to Commerce). Pon\u00fakame rie\u0161enie str\u00e1nok, ktor\u00e9 je \u010dist\u00e9 a svie\u017ee, vizu\u00e1lne pr\u00ed\u0165a\u017eliv\u00e9, \u013eahko sa orientuje a m\u00e1 zabezpe\u010den\u00fa mo\u017enos\u0165 v\u00fdberu platby. \u010ealej poskytujeme najd\u00f4veryhodnej\u0161ie slu\u017eby na svete, ktor\u00e9 sa zaoberaj\u00fa platbami, ako je autorizovan\u00fd.net.<\/p>\n\n\n\n<p class=\"has-small-font-size wp-block-paragraph\">\u010ealej m\u00e1me odborn\u00e9 znalosti na to, aby sme mohli vytv\u00e1ra\u0165 a implementova\u0165 komplexn\u00e9 webov\u00e9 obchodn\u00e9 rie\u0161enia, ktor\u00e9 sa hladko integruj\u00fa do v\u00e1\u0161ho online obchodu.<\/p>\n\n\n\n<p class=\"has-small-font-size wp-block-paragraph\">S na\u0161imi slu\u017ebami, dod\u00e1vkami a dostupn\u00fdmi cenami sme oslovili viac ako 900 klientov z cel\u00e9ho sveta, od Severnej Ameriky po Austr\u00e1liu.<\/p>\n<\/div>\n<\/div>\n<\/div><figure class=\"wp-block-media-text__media\"><img data-recalc-dims=\"1\" loading=\"lazy\" decoding=\"async\" width=\"512\" height=\"512\" data-attachment-id=\"199\" data-permalink=\"https:\/\/ultratrainingsystem.com\/sk\/web-design-development\/web-design-development\/\" data-orig-file=\"https:\/\/i0.wp.com\/ultratrainingsystem.com\/wp-content\/uploads\/2022\/08\/Web-Design-Development.png?fit=512%2C512&amp;ssl=1\" data-orig-size=\"512,512\" data-comments-opened=\"1\" data-image-meta=\"{&quot;aperture&quot;:&quot;0&quot;,&quot;credit&quot;:&quot;&quot;,&quot;camera&quot;:&quot;&quot;,&quot;caption&quot;:&quot;&quot;,&quot;created_timestamp&quot;:&quot;0&quot;,&quot;copyright&quot;:&quot;&quot;,&quot;focal_length&quot;:&quot;0&quot;,&quot;iso&quot;:&quot;0&quot;,&quot;shutter_speed&quot;:&quot;0&quot;,&quot;title&quot;:&quot;&quot;,&quot;orientation&quot;:&quot;0&quot;}\" data-image-title=\"Web Design &amp;#038; Development\" data-image-description=\"\" data-image-caption=\"\" data-large-file=\"https:\/\/i0.wp.com\/ultratrainingsystem.com\/wp-content\/uploads\/2022\/08\/Web-Design-Development.png?fit=512%2C512&amp;ssl=1\" src=\"https:\/\/i0.wp.com\/ultratrainingsystem.com\/wp-content\/uploads\/2022\/08\/Web-Design-Development.png?resize=512%2C512&#038;ssl=1\" alt=\"\" class=\"wp-image-199 size-full\" srcset=\"https:\/\/i0.wp.com\/ultratrainingsystem.com\/wp-content\/uploads\/2022\/08\/Web-Design-Development.png?w=512&amp;ssl=1 512w, https:\/\/i0.wp.com\/ultratrainingsystem.com\/wp-content\/uploads\/2022\/08\/Web-Design-Development.png?resize=300%2C300&amp;ssl=1 300w, https:\/\/i0.wp.com\/ultratrainingsystem.com\/wp-content\/uploads\/2022\/08\/Web-Design-Development.png?resize=150%2C150&amp;ssl=1 150w, https:\/\/i0.wp.com\/ultratrainingsystem.com\/wp-content\/uploads\/2022\/08\/Web-Design-Development.png?resize=12%2C12&amp;ssl=1 12w, https:\/\/i0.wp.com\/ultratrainingsystem.com\/wp-content\/uploads\/2022\/08\/Web-Design-Development.png?resize=80%2C80&amp;ssl=1 80w, https:\/\/i0.wp.com\/ultratrainingsystem.com\/wp-content\/uploads\/2022\/08\/Web-Design-Development.png?resize=400%2C400&amp;ssl=1 400w, https:\/\/i0.wp.com\/ultratrainingsystem.com\/wp-content\/uploads\/2022\/08\/Web-Design-Development.png?resize=200%2C200&amp;ssl=1 200w\" sizes=\"auto, (max-width: 512px) 100vw, 512px\" \/><\/figure><\/div>\n\n\n\n<div style=\"height:20px\" aria-hidden=\"true\" class=\"wp-block-spacer\"><\/div>\n\n\n\n<div class=\"wp-block-columns alignwide is-layout-flex wp-container-core-columns-is-layout-8f761849 wp-block-columns-is-layout-flex\">\n<div class=\"wp-block-column is-layout-flow wp-block-column-is-layout-flow\">\n<p class=\"has-background wp-block-paragraph\" style=\"background-color:#fbf4f4\">Postar\u00e1me sa o najmen\u0161ie detaily. Napr\u00edklad \u0161t\u00fdl a mot\u00edv lokality, ohromuj\u00faca grafika, ukladanie \u00fadajov, aran\u017eovanie tovaru na vstupn\u00fdch str\u00e1nkach a pri pokladni. S\u013eubujeme, \u017ee poskytneme najlep\u0161ie pou\u017e\u00edvate\u013esk\u00e9 prostredie pre va\u0161e online potreby.<br>V\u00fdvoj webov\u00fdch aplik\u00e1ci\u00ed zah\u0155\u0148a v\u0161etky prvky potrebn\u00e9 pre v\u00e1\u0161 produkt cez sie\u0165ov\u00fa platformu, ako je vytv\u00e1ranie a spracovanie objedn\u00e1vok, spracovanie platby prostredn\u00edctvom spo\u013eahlivej platobnej br\u00e1ny, zachyt\u00e1vanie a ukladanie klientskych \u00fadajov, sledovanie objedn\u00e1vok at\u010f. Poskytujeme tie\u017e dynamick\u00e9 aktualiz\u00e1cie, ktor\u00e9 z \u010dasu na \u010das potrebujete , Spolupracujeme so v\u0161etk\u00fdmi popredn\u00fdmi poskytovate\u013emi webov\u00fdch platforiem a technologick\u00fdch slu\u017eieb, ako s\u00fa Magento, Opencart, Shopify, Woocommerce a Bigcommerce.<\/p>\n<\/div>\n<\/div>\n\n\n\n<div style=\"height:20px\" aria-hidden=\"true\" class=\"wp-block-spacer\"><\/div>\n\n\n\n<div style=\"background-color:#000000;padding-left:8%;padding-right:8%;padding-bottom:15%;padding-top:15%\" class=\"wp-block-genesis-blocks-gb-container light-text gb-block-container alignfull\"><div class=\"gb-container-inside\"><div class=\"gb-container-image-wrap\"><img data-recalc-dims=\"1\" decoding=\"async\" class=\"gb-container-image has-background-dim\" object-fit=\"cover\"  src=\"https:\/\/i0.wp.com\/ultratrainingsystem.com\/wp-content\/uploads\/2022\/08\/slide.jpg?ssl=1\" alt=\"\"\/><\/div><div class=\"gb-container-content\" style=\"max-width:1200px\"><style>@media only screen and (max-width: 1200px) {.gb-69e5eda95b37b{font-size: 26px!important;}}@media only screen and (max-width: 600px) {.gb-69e5eda95b37b{font-size: 22px!important;}}<\/style>\n<h2 class=\"gb-69e5eda95b37b has-text-align-left bold-text fade-in-up wp-block-heading\">Na\u0161e zru\u010dnosti, talent &amp; odbornos\u0165<\/h2>\n\n\n\n<div style=\"height:20px\" aria-hidden=\"true\" class=\"wp-block-spacer\"><\/div>\n\n\n\n<div class=\"wp-block-jetpack-layout-grid column1-desktop-grid__span-10 column1-desktop-grid__row-1 column2-desktop-grid__span-2 column2-desktop-grid__start-11 column2-desktop-grid__row-1 column1-tablet-grid__span-4 column1-tablet-grid__row-1 column2-tablet-grid__span-4 column2-tablet-grid__start-5 column2-tablet-grid__row-1 column1-mobile-grid__span-4 column1-mobile-grid__row-1 column2-mobile-grid__span-4 column2-mobile-grid__row-2\">\n<div class=\"wp-block-jetpack-layout-grid-column wp-block-jetpack-layout-grid__padding-none\">\n<div class=\"wp-block-columns is-layout-flex wp-container-core-columns-is-layout-8f761849 wp-block-columns-is-layout-flex\">\n<div class=\"wp-block-column is-layout-flow wp-block-column-is-layout-flow\">\n<i class=\"fas fa-smile fa-2x\"><\/i>\n\n\n\n<h2 class=\"has-text-align-left wp-block-heading\">133<\/h2>\n\n\n\n<p class=\"has-text-align-left wp-block-paragraph\"><strong>Projekty0<\/strong><\/p>\n<\/div>\n\n\n\n<div class=\"wp-block-column is-layout-flow wp-block-column-is-layout-flow\">\n<i class=\"fas fa-users fa-2x\"><\/i>\n\n\n\n<h2 class=\"has-text-align-left wp-block-heading\">50<\/h2>\n\n\n\n<p class=\"has-text-align-left wp-block-paragraph\"><strong>T\u00edm0<\/strong><\/p>\n<\/div>\n\n\n\n<div class=\"wp-block-column is-layout-flow wp-block-column-is-layout-flow\">\n<i class=\"fas fa-database fa-2x\"><\/i>\n\n\n\n<h2 class=\"has-text-align-left wp-block-heading\">243<\/h2>\n\n\n\n<p class=\"has-text-align-left wp-block-paragraph\"><strong>Zru\u010dnost\u00ed<\/strong><\/p>\n<\/div>\n<\/div>\n<\/div>\n\n\n\n<div class=\"wp-block-jetpack-layout-grid-column wp-block-jetpack-layout-grid__padding-none\"><\/div>\n<\/div>\n<\/div><\/div><\/div>\n\n\n\n<div style=\"padding-left:8%;padding-right:8%;padding-bottom:2%;padding-top:10%\" class=\"wp-block-genesis-blocks-gb-container gb-block-container alignfull\"><div class=\"gb-container-inside\"><div class=\"gb-container-content\" style=\"max-width:1200px\">\n<h2 class=\"has-text-align-center bold-text fade-in-up wp-block-heading\">TALENTY &amp; ODBORNOS\u0164<\/h2>\n\n\n\n<div style=\"color:#ddd\" class=\"wp-block-genesis-blocks-gb-spacer gb-block-spacer gb-divider-solid gb-divider-size-1\"><hr style=\"height:30px\"\/><\/div>\n\n\n\n<div class=\"wp-block-columns is-layout-flex wp-container-core-columns-is-layout-8f761849 wp-block-columns-is-layout-flex\">\n<div class=\"wp-block-column is-layout-flow wp-block-column-is-layout-flow\">\n<h3 class=\"has-text-align-center wp-block-heading\"><i class=\"fab fa-gg-circle\"><\/i> Webov\u00e9 Str\u00e1nky Projektovanie<\/h3>\n<\/div>\n\n\n\n<div class=\"wp-block-column is-layout-flow wp-block-column-is-layout-flow\">\n<h3 class=\"has-text-align-center wp-block-heading\"><i class=\"fab fa-gg-circle\"><\/i> Webov\u00e9 Str\u00e1nky V\u00fdvoj<\/h3>\n<\/div>\n\n\n\n<div class=\"wp-block-column is-layout-flow wp-block-column-is-layout-flow\">\n<h3 class=\"has-text-align-center wp-block-heading\"><i class=\"fab fa-gg-circle\"><\/i> Vyh\u013ead\u00e1va\u010d Optimaliz\u00e1cia<\/h3>\n<\/div>\n<\/div>\n\n\n\n<div class=\"wp-block-columns is-layout-flex wp-container-core-columns-is-layout-8f761849 wp-block-columns-is-layout-flex\">\n<div class=\"wp-block-column is-layout-flow wp-block-column-is-layout-flow\">\n<h3 class=\"has-text-align-center wp-block-heading\"><i class=\"fab fa-gg-circle\"><\/i> Soci\u00e1lne M\u00e9di\u00e1 Marketing<\/h3>\n<\/div>\n\n\n\n<div class=\"wp-block-column is-layout-flow wp-block-column-is-layout-flow\">\n<h3 class=\"has-text-align-center wp-block-heading\"><i class=\"fab fa-gg-circle\"><\/i> Bezpe\u010dnos\u0165 \u00dadajov &amp; Integr\u00e1cia<\/h3>\n<\/div>\n\n\n\n<div class=\"wp-block-column is-layout-flow wp-block-column-is-layout-flow\">\n<h3 class=\"has-text-align-center wp-block-heading\"><i class=\"fab fa-gg-circle\"><\/i> APIs<\/h3>\n<\/div>\n<\/div>\n<\/div><\/div><\/div>","protected":false},"excerpt":{"rendered":"<p>We take care of minutest detail. For example, site style and theme, stunning graphics, data storage, merchandize arrangement on landing pages and at the checkout. We promise to provide the best user experience for your online needs.Web development includes all elements required for your product over the net platform like creating and processing orders, processing [&hellip;]<\/p>\n","protected":false},"author":224742393,"featured_media":113,"parent":0,"menu_order":0,"comment_status":"closed","ping_status":"closed","template":"","meta":{"_crdt_document":"","_genesis_hide_title":true,"_genesis_hide_breadcrumbs":false,"_genesis_hide_singular_image":false,"_genesis_hide_footer_widgets":false,"_genesis_custom_body_class":"","_genesis_custom_post_class":"","_genesis_layout":"","advanced_seo_description":"","jetpack_seo_html_title":"","jetpack_seo_noindex":false,"footnotes":""},"class_list":{"0":"post-197","1":"page","2":"type-page","3":"status-publish","4":"has-post-thumbnail","6":"entry"},"featured_image_src":"https:\/\/i0.wp.com\/ultratrainingsystem.com\/wp-content\/uploads\/2022\/08\/cropped-U-logo.png?resize=512%2C400&ssl=1","featured_image_src_square":"https:\/\/i0.wp.com\/ultratrainingsystem.com\/wp-content\/uploads\/2022\/08\/cropped-U-logo.png?resize=512%2C512&ssl=1","jetpack_likes_enabled":true,"jetpack_sharing_enabled":true,"jetpack_shortlink":"https:\/\/wp.me\/Peb5md-3b","jetpack-related-posts":[],"_links":{"self":[{"href":"https:\/\/ultratrainingsystem.com\/sk\/wp-json\/wp\/v2\/pages\/197","targetHints":{"allow":["GET"]}}],"collection":[{"href":"https:\/\/ultratrainingsystem.com\/sk\/wp-json\/wp\/v2\/pages"}],"about":[{"href":"https:\/\/ultratrainingsystem.com\/sk\/wp-json\/wp\/v2\/types\/page"}],"author":[{"embeddable":true,"href":"https:\/\/ultratrainingsystem.com\/sk\/wp-json\/wp\/v2\/users\/224742393"}],"replies":[{"embeddable":true,"href":"https:\/\/ultratrainingsystem.com\/sk\/wp-json\/wp\/v2\/comments?post=197"}],"version-history":[{"count":4,"href":"https:\/\/ultratrainingsystem.com\/sk\/wp-json\/wp\/v2\/pages\/197\/revisions"}],"predecessor-version":[{"id":220,"href":"https:\/\/ultratrainingsystem.com\/sk\/wp-json\/wp\/v2\/pages\/197\/revisions\/220"}],"wp:featuredmedia":[{"embeddable":true,"href":"https:\/\/ultratrainingsystem.com\/sk\/wp-json\/wp\/v2\/media\/113"}],"wp:attachment":[{"href":"https:\/\/ultratrainingsystem.com\/sk\/wp-json\/wp\/v2\/media?parent=197"}],"curies":[{"name":"wp","href":"https:\/\/api.w.org\/{rel}","templated":true}]}}